{"id":3,"date":"2019-03-13T18:55:09","date_gmt":"2019-03-13T17:55:09","guid":{"rendered":"https:\/\/perdiendo.es\/museodemetralla\/?page_id=3"},"modified":"2026-05-05T09:17:18","modified_gmt":"2026-05-05T07:17:18","slug":"politica-privacidad","status":"publish","type":"page","link":"https:\/\/perdiendo.org\/museodemetralla\/?page_id=3","title":{"rendered":"Pol\u00edtica de privacidad."},"content":{"rendered":"<p><a href=\"https:\/\/perdiendo.org\/museodemetralla\">Museo de metralla<\/a> no permite el registro de usuarios.<\/p>\n<p>(He tenido que desactivar los comentarios por el spamazo maldito, si quieres decirme algo hazlo en <a href=\"https:\/\/bsky.app\/profile\/perdiendo.org\">bluesky<\/a>). <\/p>\n<p><del datetime=\"2026-01-07T12:00:24+00:00\">En los comentarios indicar nombre, correo electr\u00f3nico y sitio web no es obligatorio. Puedes incluirlos si quieres, tu nombre aparecer\u00e1 al lado de tu comentario, pinchando en \u00e9l se podr\u00e1 acceder a tu web y ninguno de los tres datos ser\u00e1 utilizado para nada m\u00e1s que para eso.<\/del><\/p>\n<p><del datetime=\"2026-01-07T12:00:24+00:00\">Las cookies del autor de comentarios est\u00e1n desactivadas, por lo que cada vez que escribas uno tendr\u00e1s que poner los datos que quieras (recuerda que ninguno es obligatorio). Un peque\u00f1o incordio a cambio de que no se recopilen. Me parece un trato justo.<\/del><\/p>\n<p>La web est\u00e1 construida sobre <a href=\"https:\/\/wordpress.org\">WordPress<\/a> (<a href=\"https:\/\/wordpress.org\/about\/privacy\/\">pol\u00edtica de privacidad<\/a>) y <del datetime=\"2026-01-07T12:05:37+00:00\">utilizo <a href=\"https:\/\/automattic.com\">Akismet<\/a> (<a href=\"https:\/\/automattic.com\/privacy\/\">pol\u00edtica de privacidad<\/a>) para la moderaci\u00f3n de los comentarios.<\/del><\/p>\n","protected":false},"excerpt":{"rendered":"<p>Museo de metralla no permite el registro de usuarios. (He tenido que desactivar los comentarios por el spamazo maldito, si quieres decirme algo hazlo en bluesky). En los comentarios indicar nombre, correo electr\u00f3nico y sitio web no es obligatorio. Puedes incluirlos si quieres, tu nombre aparecer\u00e1 al lado de tu comentario, pinchando en \u00e9l se [&hellip;]<\/p>\n","protected":false},"author":1,"featured_media":0,"parent":0,"menu_order":0,"comment_status":"closed","ping_status":"open","template":"","meta":{"footnotes":""},"class_list":["post-3","page","type-page","status-publish","hentry"],"_links":{"self":[{"href":"https:\/\/perdiendo.org\/museodemetralla\/index.php?rest_route=\/wp\/v2\/pages\/3","targetHints":{"allow":["GET"]}}],"collection":[{"href":"https:\/\/perdiendo.org\/museodemetralla\/index.php?rest_route=\/wp\/v2\/pages"}],"about":[{"href":"https:\/\/perdiendo.org\/museodemetralla\/index.php?rest_route=\/wp\/v2\/types\/page"}],"author":[{"embeddable":true,"href":"https:\/\/perdiendo.org\/museodemetralla\/index.php?rest_route=\/wp\/v2\/users\/1"}],"replies":[{"embeddable":true,"href":"https:\/\/perdiendo.org\/museodemetralla\/index.php?rest_route=%2Fwp%2Fv2%2Fcomments&post=3"}],"version-history":[{"count":0,"href":"https:\/\/perdiendo.org\/museodemetralla\/index.php?rest_route=\/wp\/v2\/pages\/3\/revisions"}],"wp:attachment":[{"href":"https:\/\/perdiendo.org\/museodemetralla\/index.php?rest_route=%2Fwp%2Fv2%2Fmedia&parent=3"}],"curies":[{"name":"wp","href":"https:\/\/api.w.org\/{rel}","templated":true}]}}